{"id":1612,"date":"2024-02-10T15:34:45","date_gmt":"2024-02-10T14:34:45","guid":{"rendered":"https:\/\/test.redjelimmo.be\/?page_id=1612"},"modified":"2024-04-03T13:36:47","modified_gmt":"2024-04-03T11:36:47","slug":"vendre-louer-mon-bien","status":"publish","type":"page","link":"https:\/\/test.redjelimmo.be\/index.php\/vendre-louer-mon-bien\/","title":{"rendered":"Vendre\/louer mon bien"},"content":{"rendered":"\n<div class=\"wp-block-cover alignfull\" style=\"min-height:464px;aspect-ratio:unset;\"><span aria-hidden=\"true\" class=\"wp-block-cover__background has-background-dim\"><\/span><img fetchpriority=\"high\" decoding=\"async\" width=\"2048\" height=\"1151\" class=\"wp-block-cover__image-background wp-image-1782\" alt=\"\" src=\"https:\/\/test.redjelimmo.be\/wp-content\/uploads\/2024\/02\/414487256_911039400898021_622602889076832017_n-edited.jpg\" data-object-fit=\"cover\" srcset=\"https:\/\/test.redjelimmo.be\/wp-content\/uploads\/2024\/02\/414487256_911039400898021_622602889076832017_n-edited.jpg 2048w, https:\/\/test.redjelimmo.be\/wp-content\/uploads\/2024\/02\/414487256_911039400898021_622602889076832017_n-edited-300x169.jpg 300w, https:\/\/test.redjelimmo.be\/wp-content\/uploads\/2024\/02\/414487256_911039400898021_622602889076832017_n-edited-1024x576.jpg 1024w, https:\/\/test.redjelimmo.be\/wp-content\/uploads\/2024\/02\/414487256_911039400898021_622602889076832017_n-edited-768x432.jpg 768w, https:\/\/test.redjelimmo.be\/wp-content\/uploads\/2024\/02\/414487256_911039400898021_622602889076832017_n-edited-1536x863.jpg 1536w\" sizes=\"(max-width: 2048px) 100vw, 2048px\" \/><div class=\"wp-block-cover__inner-container is-layout-flow wp-block-cover-is-layout-flow\">\n<p class=\"has-text-align-center has-large-font-size\"><\/p>\n<\/div><\/div>\n\n\n\n<div class=\"wp-block-columns alignfull is-layout-flex wp-container-core-columns-is-layout-4 wp-block-columns-is-layout-flex\">\n<div class=\"wp-block-column has-larger-font-size is-layout-flow wp-block-column-is-layout-flow\" style=\"padding-right:0;padding-left:0\">\n<div class=\"wp-block-columns is-layout-flex wp-container-core-columns-is-layout-3 wp-block-columns-is-layout-flex\">\n<div class=\"wp-block-column has-large-font-size is-layout-flow wp-block-column-is-layout-flow\">\n<h3 class=\"wp-block-heading has-text-align-center has-theme-palette-1-color has-text-color has-link-color wp-elements-07ea6e5ab1e2e88becb59708abb03b4e\"><strong>Vous souhaitez davantage d\u2019informations afin de mettre votre bien en vente ou en location ?<\/strong><\/h3>\n\n\n\n<div class=\"wp-block-columns is-layout-flex wp-container-core-columns-is-layout-2 wp-block-columns-is-layout-flex\">\n<div class=\"wp-block-column is-layout-flow wp-block-column-is-layout-flow\" style=\"flex-basis:100%\">\n<div class=\"wp-block-group is-vertical is-content-justification-center is-layout-flex wp-container-core-group-is-layout-1 wp-block-group-is-layout-flex\">\n<p class=\"has-text-align-center\" style=\"font-size:21px\">N\u2019h\u00e9sitez pas \u00e0 compl\u00e9ter ce formulaire ci-dessous et nous vous recontacterons.<\/p>\n\n\n\n<p class=\"has-text-align-center has-theme-palette-3-color has-text-color\" style=\"font-size:21px\">Vous pouvez \u00e9galement nous contacter via le num\u00e9ro suivant: <strong>0472\/47.68.81<\/strong><\/p>\n\n\n\n<div class=\"wp-block-columns is-layout-flex wp-container-core-columns-is-layout-1 wp-block-columns-is-layout-flex\">\n<div class=\"wp-block-column is-layout-flow wp-block-column-is-layout-flow\"><\/div>\n<\/div>\n<\/div>\n<\/div>\n<\/div>\n<\/div>\n<\/div>\n<\/div>\n<\/div>\n\n\n\n<p><\/p>\n\n\n\n<p><\/p>\n\n\n\n<div class=\"wp-block-columns is-layout-flex wp-container-core-columns-is-layout-6 wp-block-columns-is-layout-flex\" style=\"padding-top:0;padding-right:0;padding-bottom:0;padding-left:0\">\n<div class=\"wp-block-column is-layout-flow wp-block-column-is-layout-flow\" style=\"flex-basis:100%\">\n<div class=\"wp-block-group\"><div class=\"wp-block-group__inner-container is-layout-constrained wp-block-group-is-layout-constrained\">\n<div class=\"wp-block-columns is-layout-flex wp-container-core-columns-is-layout-5 wp-block-columns-is-layout-flex\">\n<div class=\"wp-block-column is-layout-flow wp-block-column-is-layout-flow\" style=\"flex-basis:100%\"><style>.wp-block-kadence-advanced-form1744-cpt-id, .wp-block-kadence-advanced-form1744-cpt-id.kb-form-has-background{padding-left:0px;}.wp-block-kadence-advanced-form1744-cpt-id{max-width:1565px;}.wp-block-kadence-advanced-form1744-cpt-id .kb-advanced-form{gap:var(--global-kb-gap-none, 0rem );}.wp-block-kadence-advanced-form1744-cpt-id{--kb-form-background-color:var(--global-palette7, #EDF2F7);}.wp-block-kadence-advanced-form1744-cpt-id .kb-adv-form-field .kb-adv-form-label{color:var(--global-palette1, #3182CE);}<\/style><div class=\"wp-block-kadence-advanced-form wp-block-kadence-advanced-form1744-cpt-id kb-adv-form-label-style-float kb-adv-form-input-size-large kb-form-basic-style wp-block-kadence-advanced-form\"><form id=\"kb-adv-form-1744-cpt-id\" class=\"kb-advanced-form\" method=\"post\">\n<style>.kb-row-layout-id1612_473869-d2 > .kt-row-column-wrap{align-content:start;}:where(.kb-row-layout-id1612_473869-d2 > .kt-row-column-wrap) > .wp-block-kadence-column{justify-content:start;}.kb-row-layout-id1612_473869-d2 > .kt-row-column-wrap{column-gap:var(--global-kb-gap-md, 2rem);row-gap:var(--global-kb-gap-md, 2rem);padding-top:0px;padding-right:0px;padding-bottom:0px;padding-left:0px;grid-template-columns:repeat(2, minmax(0, 1fr));}.kb-row-layout-id1612_473869-d2 > .kt-row-layout-overlay{opacity:0.30;}@media all and (max-width: 1024px){.kb-row-layout-id1612_473869-d2 > .kt-row-column-wrap{grid-template-columns:repeat(2, minmax(0, 1fr));}}@media all and (max-width: 767px){.kb-row-layout-id1612_473869-d2 > .kt-row-column-wrap{grid-template-columns:minmax(0, 1fr);}}<\/style><div class=\"kb-row-layout-wrap kb-row-layout-id1612_473869-d2 alignnone wp-block-kadence-rowlayout\"><div class=\"kt-row-column-wrap kt-has-2-columns kt-row-layout-equal kt-tab-layout-inherit kt-mobile-layout-row kt-row-valign-top\">\n<style>.kadence-column1612_f865a4-7d > .kt-inside-inner-col,.kadence-column1612_f865a4-7d > .kt-inside-inner-col:before{border-top-left-radius:0px;border-top-right-radius:0px;border-bottom-right-radius:0px;border-bottom-left-radius:0px;}.kadence-column1612_f865a4-7d > .kt-inside-inner-col{column-gap:var(--global-kb-gap-sm, 1rem);}.kadence-column1612_f865a4-7d > .kt-inside-inner-col{flex-direction:column;}.kadence-column1612_f865a4-7d > .kt-inside-inner-col > .aligncenter{width:100%;}.kadence-column1612_f865a4-7d > .kt-inside-inner-col:before{opacity:0.3;}.kadence-column1612_f865a4-7d{position:relative;}@media all and (max-width: 1024px){.kadence-column1612_f865a4-7d > .kt-inside-inner-col{flex-direction:column;}}@media all and (max-width: 767px){.kadence-column1612_f865a4-7d > .kt-inside-inner-col{flex-direction:column;}}<\/style>\n<div class=\"wp-block-kadence-column kadence-column1612_f865a4-7d\"><div class=\"kt-inside-inner-col\"><div class=\"kb-adv-form-field kb-adv-form-text-type-input kb-adv-form-infield-type-input kb-field17444c97b6-d8 wp-block-kadence-advanced-form-text\"><label class=\"kb-adv-form-label\" for=\"field17444c97b6-d8\">Nom<\/label><input name=\"field4c97b6-d8\" id=\"field17444c97b6-d8\" data-label=\"Nom\" type=\"text\" placeholder=\"\" value=\"\" data-type=\"text\" class=\"kb-field kb-text-field\" data-required=\"no\" \/><\/div>\n\n<div class=\"kb-adv-form-field kb-adv-form-text-type-input kb-adv-form-infield-type-input kb-field1744fd00be-d9 wp-block-kadence-advanced-form-text\"><label class=\"kb-adv-form-label\" for=\"field1744fd00be-d9\">Pr\u00e9nom<\/label><input name=\"fieldfd00be-d9\" id=\"field1744fd00be-d9\" data-label=\"Pr\u00e9nom\" type=\"text\" placeholder=\"\" value=\"\" data-type=\"text\" class=\"kb-field kb-text-field\" data-required=\"no\" \/><\/div>\n\n\n<p><\/p>\n<\/div><\/div>\n\n\n<style>.kadence-column1612_3786d4-c6 > .kt-inside-inner-col,.kadence-column1612_3786d4-c6 > .kt-inside-inner-col:before{border-top-left-radius:0px;border-top-right-radius:0px;border-bottom-right-radius:0px;border-bottom-left-radius:0px;}.kadence-column1612_3786d4-c6 > .kt-inside-inner-col{column-gap:var(--global-kb-gap-sm, 1rem);}.kadence-column1612_3786d4-c6 > .kt-inside-inner-col{flex-direction:column;}.kadence-column1612_3786d4-c6 > .kt-inside-inner-col > .aligncenter{width:100%;}.kadence-column1612_3786d4-c6 > .kt-inside-inner-col:before{opacity:0.3;}.kadence-column1612_3786d4-c6{position:relative;}@media all and (max-width: 1024px){.kadence-column1612_3786d4-c6 > .kt-inside-inner-col{flex-direction:column;}}@media all and (max-width: 767px){.kadence-column1612_3786d4-c6 > .kt-inside-inner-col{flex-direction:column;}}<\/style>\n<div class=\"wp-block-kadence-column kadence-column1612_3786d4-c6\"><div class=\"kt-inside-inner-col\"><div class=\"kb-adv-form-field kb-adv-form-text-type-input kb-adv-form-infield-type-input kb-field174418d4f6-79 wp-block-kadence-advanced-form-email\"><label class=\"kb-adv-form-label\" for=\"field174418d4f6-79\">Email<span class=\"kb-adv-form-required\">*<\/span><\/label><input name=\"field18d4f6-79\" id=\"field174418d4f6-79\" data-label=\"Email\" type=\"email\" placeholder=\"\" value=\"\" data-type=\"email\" class=\"kb-field kb-email-field\" data-required=\"yes\" required aria-required=\"true\"\/><\/div>\n\n<div class=\"kb-adv-form-field kb-adv-form-text-type-input kb-adv-form-infield-type-input kb-field17441e6f9d-09 wp-block-kadence-advanced-form-telephone\"><label class=\"kb-adv-form-label\" for=\"field17441e6f9d-09\">Num\u00e9ro de t\u00e9l\u00e9phone<\/label><input name=\"field1e6f9d-09\" id=\"field17441e6f9d-09\" data-label=\"Num\u00e9ro de t\u00e9l\u00e9phone\" type=\"tel\" placeholder=\"\" value=\"\" data-type=\"tel\" class=\"kb-field kb-tel-field\" data-required=\"no\" \/><\/div><\/div><\/div>\n\n<\/div><\/div>\n\n<div class=\"kb-adv-form-field kb-adv-form-text-type-input kb-adv-form-infield-type-input kb-field17445b7d92-9b wp-block-kadence-advanced-form-textarea\"><label class=\"kb-adv-form-label\" for=\"field17445b7d92-9b\">Message<span class=\"kb-adv-form-required\">*<\/span><\/label><textarea name=\"field5b7d92-9b\" id=\"field17445b7d92-9b\" rows=\"3\"  data-label=\"Message\" placeholder=\"\" data-type=\"textarea\" class=\"kb-field kb-textarea-field\" data-required=\"yes\" required aria-required=\"true\"><\/textarea><\/div>\n\n<style>.kb-row-layout-id1612_96855d-36 > .kt-row-column-wrap{align-content:start;}:where(.kb-row-layout-id1612_96855d-36 > .kt-row-column-wrap) > .wp-block-kadence-column{justify-content:start;}.kb-row-layout-id1612_96855d-36 > .kt-row-column-wrap{column-gap:var(--global-kb-gap-md, 2rem);row-gap:var(--global-kb-gap-md, 2rem);padding-top:0px;padding-right:0px;padding-bottom:0px;padding-left:0px;grid-template-columns:repeat(2, minmax(0, 1fr));}.kb-row-layout-id1612_96855d-36 > .kt-row-layout-overlay{opacity:0.30;}@media all and (max-width: 1024px){.kb-row-layout-id1612_96855d-36 > .kt-row-column-wrap{grid-template-columns:repeat(2, minmax(0, 1fr));}}@media all and (max-width: 767px){.kb-row-layout-id1612_96855d-36 > .kt-row-column-wrap{grid-template-columns:minmax(0, 1fr);}}<\/style><div class=\"kb-row-layout-wrap kb-row-layout-id1612_96855d-36 alignnone wp-block-kadence-rowlayout\"><div class=\"kt-row-column-wrap kt-has-2-columns kt-row-layout-equal kt-tab-layout-inherit kt-mobile-layout-row kt-row-valign-top\">\n<style>.kadence-column1612_f44a55-46 > .kt-inside-inner-col,.kadence-column1612_f44a55-46 > .kt-inside-inner-col:before{border-top-left-radius:0px;border-top-right-radius:0px;border-bottom-right-radius:0px;border-bottom-left-radius:0px;}.kadence-column1612_f44a55-46 > .kt-inside-inner-col{column-gap:var(--global-kb-gap-sm, 1rem);}.kadence-column1612_f44a55-46 > .kt-inside-inner-col{flex-direction:column;}.kadence-column1612_f44a55-46 > .kt-inside-inner-col > .aligncenter{width:100%;}.kadence-column1612_f44a55-46 > .kt-inside-inner-col:before{opacity:0.3;}.kadence-column1612_f44a55-46{position:relative;}@media all and (max-width: 1024px){.kadence-column1612_f44a55-46 > .kt-inside-inner-col{flex-direction:column;}}@media all and (max-width: 767px){.kadence-column1612_f44a55-46 > .kt-inside-inner-col{flex-direction:column;}}<\/style>\n<div class=\"wp-block-kadence-column kadence-column1612_f44a55-46\"><div class=\"kt-inside-inner-col\"><div class=\"kb-adv-form-field kb-field1744651150-66 wp-block-kadence-advanced-form-radio\"><fieldset class=\"kb-radio-check-item-wrap\" id=\"rb1744651150-66\" data-type=\"radio\" data-required=\"yes\" ><div class=\"kb-radio-check-item\"><input class=\"kb-radio-style\" type=\"radio\"  id=\"field1744651150-66_0\" name=\"field651150-66\"  value=\"Je souhaite vendre mon bien\"><label for=\"field1744651150-66_0\">Je souhaite vendre mon bien<\/label><\/div><div class=\"kb-radio-check-item\"><input class=\"kb-radio-style\" type=\"radio\"  id=\"field1744651150-66_1\" name=\"field651150-66\"  value=\"Je souhaite louer mon bien\"><label for=\"field1744651150-66_1\">Je souhaite louer mon bien<\/label><\/div><\/fieldset><\/div><\/div><\/div>\n\n\n<style>.kadence-column1612_ad1188-4a > .kt-inside-inner-col,.kadence-column1612_ad1188-4a > .kt-inside-inner-col:before{border-top-left-radius:0px;border-top-right-radius:0px;border-bottom-right-radius:0px;border-bottom-left-radius:0px;}.kadence-column1612_ad1188-4a > .kt-inside-inner-col{column-gap:var(--global-kb-gap-sm, 1rem);}.kadence-column1612_ad1188-4a > .kt-inside-inner-col{flex-direction:column;}.kadence-column1612_ad1188-4a > .kt-inside-inner-col > .aligncenter{width:100%;}.kadence-column1612_ad1188-4a > .kt-inside-inner-col:before{opacity:0.3;}.kadence-column1612_ad1188-4a{position:relative;}@media all and (max-width: 1024px){.kadence-column1612_ad1188-4a > .kt-inside-inner-col{flex-direction:column;}}@media all and (max-width: 767px){.kadence-column1612_ad1188-4a > .kt-inside-inner-col{flex-direction:column;}}<\/style>\n<div class=\"wp-block-kadence-column kadence-column1612_ad1188-4a\"><div class=\"kt-inside-inner-col\"><\/div><\/div>\n\n<\/div><\/div>\n\n<style>ul.menu .kb-submit-field .kb-btn1a51eb-e2.kb-button{width:initial;}.kb-submit-field.kb-field1a51eb-e2{justify-content:center;}<\/style><div class=\"kb-adv-form-field kb-submit-field kb-field1a51eb-e2 wp-block-kadence-advanced-form-submit\"><button class=\"kb-button kt-button button kb-adv-form-submit-button kb-btn1a51eb-e2 kt-btn-size-xlarge kt-btn-width-type-auto kb-btn-global-fill kt-btn-has-text-true kt-btn-has-svg-false\" type=\"submit\"><span class=\"kt-btn-inner-text\">Envoyer<\/span><\/button><\/div>\n<input type=\"hidden\" name=\"_kb_adv_form_post_id\" value=\"1744\"><input type=\"hidden\" name=\"action\" value=\"kb_process_advanced_form_submit\"><input type=\"hidden\" name=\"_kb_adv_form_id\" value=\"1744-cpt-id\"><\/form><\/div><\/div>\n<\/div>\n<\/div><\/div>\n<\/div>\n<\/div>\n","protected":false},"excerpt":{"rendered":"<p>Vous souhaitez davantage d\u2019informations afin de mettre votre bien en vente ou en location ? N\u2019h\u00e9sitez pas \u00e0 compl\u00e9ter ce formulaire ci-dessous et nous vous recontacterons. Vous pouvez \u00e9galement nous contacter via le num\u00e9ro suivant: 0472\/47.68.81<\/p>\n","protected":false},"author":1,"featured_media":0,"parent":0,"menu_order":0,"comment_status":"closed","ping_status":"closed","template":"","meta":{"_kadence_starter_templates_imported_post":false,"footnotes":""},"class_list":["post-1612","page","type-page","status-publish","hentry"],"aioseo_notices":[],"_links":{"self":[{"href":"https:\/\/test.redjelimmo.be\/index.php\/wp-json\/wp\/v2\/pages\/1612","targetHints":{"allow":["GET"]}}],"collection":[{"href":"https:\/\/test.redjelimmo.be\/index.php\/wp-json\/wp\/v2\/pages"}],"about":[{"href":"https:\/\/test.redjelimmo.be\/index.php\/wp-json\/wp\/v2\/types\/page"}],"author":[{"embeddable":true,"href":"https:\/\/test.redjelimmo.be\/index.php\/wp-json\/wp\/v2\/users\/1"}],"replies":[{"embeddable":true,"href":"https:\/\/test.redjelimmo.be\/index.php\/wp-json\/wp\/v2\/comments?post=1612"}],"version-history":[{"count":19,"href":"https:\/\/test.redjelimmo.be\/index.php\/wp-json\/wp\/v2\/pages\/1612\/revisions"}],"predecessor-version":[{"id":1791,"href":"https:\/\/test.redjelimmo.be\/index.php\/wp-json\/wp\/v2\/pages\/1612\/revisions\/1791"}],"wp:attachment":[{"href":"https:\/\/test.redjelimmo.be\/index.php\/wp-json\/wp\/v2\/media?parent=1612"}],"curies":[{"name":"wp","href":"https:\/\/api.w.org\/{rel}","templated":true}]}}