{"id":1915,"date":"2024-04-03T14:02:59","date_gmt":"2024-04-03T12:02:59","guid":{"rendered":"https:\/\/test.redjelimmo.be\/?page_id=1915"},"modified":"2024-04-03T14:11:38","modified_gmt":"2024-04-03T12:11:38","slug":"1915-2","status":"publish","type":"page","link":"https:\/\/test.redjelimmo.be\/index.php\/1915-2\/","title":{"rendered":"Conditions g\u00e9n\u00e9rales"},"content":{"rendered":"\n<h2 class=\"wp-block-heading\">Acceptation des conditions g\u00e9n\u00e9rales<\/h2>\n\n\n\n<p>Ce site, de langue fran\u00e7aise, est un site d&rsquo;information qui s&rsquo;adresse aussi bien aux clients de notre agence, qu&rsquo;aux non clients, d\u00e9nomm\u00e9s ci-apr\u00e8s \u00ab internautes \u00bb. Ce site est soumis \u00e0 la loi belge. L&rsquo;internaute reconna\u00eet avoir pris connaissance de la pr\u00e9sente charte et s&rsquo;engage \u00e0 la respecter.<\/p>\n\n\n\n<p>Il est rappel\u00e9 que le secret des correspondances n&rsquo;est pas garanti sur le r\u00e9seau Internet et qu&rsquo;il appartient \u00e0 chaque internaute de prendre toutes les mesures appropri\u00e9es de fa\u00e7on \u00e0 prot\u00e9ger ses propres donn\u00e9es et\/ou logiciels.<\/p>\n\n\n\n<hr class=\"wp-block-separator has-alpha-channel-opacity\"\/>\n\n\n\n<h2 class=\"wp-block-heading\">Traitement de la demande et\/ou des informations<\/h2>\n\n\n\n<p>Nous nous r\u00e9servons le droit de subordonner le traitement des informations, de le suspendre ou de le refuser dans les cas suivants :<\/p>\n\n\n\n<ul class=\"wp-block-list\">\n<li>informations incompl\u00e8tes ou incorrectes ;<\/li>\n\n\n\n<li>Communication de donn\u00e9es&nbsp;<strong>manifestement<\/strong>&nbsp;erron\u00e9es, voire fantaisistes;<\/li>\n<\/ul>\n\n\n\n<p>La liste reprise ci-dessus&nbsp;n\u2019a pas de caract\u00e8re exhaustif.<\/p>\n\n\n\n<hr class=\"wp-block-separator has-alpha-channel-opacity\"\/>\n\n\n\n<h2 class=\"wp-block-heading\">Services<\/h2>\n\n\n\n<p>Le service et biens propos\u00e9s sur le site sont d\u00e9crits de bonne foi, le plus pr\u00e9cis\u00e9ment et fid\u00e8lement possible.<\/p>\n\n\n\n<p>Les images pr\u00e9sent\u00e9es sur le site n\u2019ont&nbsp;aucune valeur contractuelle.<\/p>\n\n\n\n<hr class=\"wp-block-separator has-alpha-channel-opacity\"\/>\n\n\n\n<h2 class=\"wp-block-heading\">Disponibilit\u00e9<\/h2>\n\n\n\n<p>En tout \u00e9tat de cause, nous ne pourrons \u00eatre tenus responsables des dommages r\u00e9sultant de l\u2019indisponibilit\u00e9 du service correspondant aux sollicitations de l\u2019utilisateur.<\/p>\n\n\n\n<hr class=\"wp-block-separator has-alpha-channel-opacity\"\/>\n\n\n\n<h2 class=\"wp-block-heading\">Disclaimer \u2013 limitation de responsabilit\u00e9<\/h2>\n\n\n\n<p>Notre agence ne saurait \u00eatre tenue pour responsable de l&rsquo;inex\u00e9cution du contrat qui pourrait suivre en cas d\u2019inexactitude des informations communiqu\u00e9es ou de force majeure\u2026<\/p>\n\n\n\n<hr class=\"wp-block-separator has-alpha-channel-opacity\"\/>\n\n\n\n<h2 class=\"wp-block-heading\">Propri\u00e9t\u00e9 intellectuelle<\/h2>\n\n\n\n<p>Les informations figurant sur le site sont r\u00e9serv\u00e9es \u00e0 un usage exclusivement personnel et ne peuvent \u00eatre en tout ou partie ni reproduites, ni communiqu\u00e9es. L\u2019ensemble des donn\u00e9es (textes, sons ou images) figurant sur les pages de ce site sont la propri\u00e9t\u00e9 exclusive de notre agence ou de ses partenaires. Toute reproduction, repr\u00e9sentation ou diffusion, \u00e0 des fins autres que personnelles, en tout ou partie du contenu de ce site sur quelque support ou par tout proc\u00e9d\u00e9 que ce soit est interdite. Le non-respect de cette interdiction constitue une contrefa\u00e7on susceptible d&rsquo;engager la responsabilit\u00e9 civile et p\u00e9nale du contrefacteur.<\/p>\n\n\n\n<p><strong class=\"privacy-policy-tutorial\">T<\/strong><\/p>\n","protected":false},"excerpt":{"rendered":"<p>Acceptation des conditions g\u00e9n\u00e9rales Ce site, de langue fran\u00e7aise, est un site d&rsquo;information qui s&rsquo;adresse aussi bien aux clients de notre agence, qu&rsquo;aux non clients, d\u00e9nomm\u00e9s ci-apr\u00e8s \u00ab internautes \u00bb. Ce site est soumis \u00e0 la loi belge. L&rsquo;internaute reconna\u00eet avoir pris connaissance de la pr\u00e9sente charte et s&rsquo;engage \u00e0 la respecter. Il est rappel\u00e9 [&hellip;]<\/p>\n","protected":false},"author":1,"featured_media":0,"parent":0,"menu_order":0,"comment_status":"closed","ping_status":"closed","template":"","meta":{"_kadence_starter_templates_imported_post":false,"footnotes":""},"class_list":["post-1915","page","type-page","status-publish","hentry"],"aioseo_notices":[],"_links":{"self":[{"href":"https:\/\/test.redjelimmo.be\/index.php\/wp-json\/wp\/v2\/pages\/1915","targetHints":{"allow":["GET"]}}],"collection":[{"href":"https:\/\/test.redjelimmo.be\/index.php\/wp-json\/wp\/v2\/pages"}],"about":[{"href":"https:\/\/test.redjelimmo.be\/index.php\/wp-json\/wp\/v2\/types\/page"}],"author":[{"embeddable":true,"href":"https:\/\/test.redjelimmo.be\/index.php\/wp-json\/wp\/v2\/users\/1"}],"replies":[{"embeddable":true,"href":"https:\/\/test.redjelimmo.be\/index.php\/wp-json\/wp\/v2\/comments?post=1915"}],"version-history":[{"count":3,"href":"https:\/\/test.redjelimmo.be\/index.php\/wp-json\/wp\/v2\/pages\/1915\/revisions"}],"predecessor-version":[{"id":2068,"href":"https:\/\/test.redjelimmo.be\/index.php\/wp-json\/wp\/v2\/pages\/1915\/revisions\/2068"}],"wp:attachment":[{"href":"https:\/\/test.redjelimmo.be\/index.php\/wp-json\/wp\/v2\/media?parent=1915"}],"curies":[{"name":"wp","href":"https:\/\/api.w.org\/{rel}","templated":true}]}}